{"id":38,"date":"2020-09-09T11:20:16","date_gmt":"2020-09-09T09:20:16","guid":{"rendered":"https:\/\/www.kimlo.sk\/?page_id=38"},"modified":"2022-04-08T18:06:33","modified_gmt":"2022-04-08T16:06:33","slug":"external","status":"publish","type":"page","link":"https:\/\/www.kimlo.sk\/?page_id=38","title":{"rendered":"Extern\u00e1 spolupr\u00e1ca"},"content":{"rendered":"\t\t<div data-elementor-type=\"wp-page\" data-elementor-id=\"38\" class=\"elementor elementor-38\">\n\t\t\t\t\t\t<div class=\"elementor-inner\">\n\t\t\t\t<div class=\"elementor-section-wrap\">\n\t\t\t\t\t\t\t\t\t<section class=\"elementor-section elementor-top-section elementor-element elementor-element-47384c2f elementor-section-boxed elementor-section-height-default elementor-section-height-default\" data-id=\"47384c2f\" data-element_type=\"section\">\n\t\t\t\t\t\t<div class=\"elementor-container elementor-column-gap-default\">\n\t\t\t\t\t\t\t<div class=\"elementor-row\">\n\t\t\t\t\t<div class=\"elementor-column elementor-col-100 elementor-top-column elementor-element elementor-element-3063e16d\" data-id=\"3063e16d\" data-element_type=\"column\">\n\t\t\t<div class=\"elementor-column-wrap elementor-element-populated\">\n\t\t\t\t\t\t\t<div class=\"elementor-widget-wrap\">\n\t\t\t\t\t\t<div class=\"elementor-element elementor-element-58181b02 elementor-widget elementor-widget-text-editor\" data-id=\"58181b02\" data-element_type=\"widget\" data-widget_type=\"text-editor.default\">\n\t\t\t\t<div class=\"elementor-widget-container\">\n\t\t\t\t\t\t\t\t<div class=\"elementor-text-editor elementor-clearfix\">\n\t\t\t\t<p><!-- wp:paragraph --><\/p>\n<p><strong><span style=\"text-decoration: underline;\">Mtbiker.sk:<\/span><\/strong><\/p>\n<p><!-- \/wp:paragraph --><\/p>\n<p><!-- wp:paragraph --><\/p>\n<p>Od roku 2017 pracujem ako extern\u00fd redaktor pre port\u00e1l mtbiker.sk, kde je mojou \u00falohou p\u00edsa\u0165 reporty z pretekov a testova\u0165 produkty ur\u010den\u00e9 pre cyklistov.<\/p>\n<p><!-- \/wp:paragraph --><\/p>\n<p><!-- wp:paragraph --><\/p>\n<p>Z\u00e1rove\u0148 sa podie\u013eam na tvorbe YouTube vide\u00ed venovan\u00fdch amat\u00e9rskym cyklistom. Okrem tvorby obsahu tieto vide\u00e1 aj s\u00e1m moderujem.<\/p>\n<p><!-- \/wp:paragraph --><\/p>\n<p><!-- wp:paragraph --><\/p>\n<p><\/p>\n<p>Vide\u00e1 su zameran\u00e9 na rady, tipy a triky hlavne pre za\u010d\u00ednaj\u00facich, ale aj pokro\u010dil\u00fdch cyklistov<\/p>\n<p><!-- \/wp:paragraph --><\/p>\n<p><!-- wp:paragraph --><\/p>\n<p>Vide\u00e1 si m\u00f4\u017eete pozrie\u0165 na <a href=\"https:\/\/www.youtube.com\/user\/MTBikersk\" target=\"_blank\" rel=\"noreferrer noopener\">tomto odkaze<\/a><\/p>\n<p><!-- \/wp:paragraph --><\/p>\t\t\t\t\t<\/div>\n\t\t\t\t\t\t<\/div>\n\t\t\t\t<\/div>\n\t\t\t\t\t\t<\/div>\n\t\t\t\t\t<\/div>\n\t\t<\/div>\n\t\t\t\t\t\t\t\t<\/div>\n\t\t\t\t\t<\/div>\n\t\t<\/section>\n\t\t\t\t\t\t\t\t\t<\/div>\n\t\t\t<\/div>\n\t\t\t\t\t<\/div>\n\t\t","protected":false},"excerpt":{"rendered":"<p>Mtbiker.sk: Od roku 2017 pracujem ako extern\u00fd redaktor pre port\u00e1l mtbiker.sk, kde je mojou \u00falohou p\u00edsa\u0165 reporty z pretekov a testova\u0165 produkty ur\u010den\u00e9 pre cyklistov. Z\u00e1rove\u0148 sa podie\u013eam na tvorbe YouTube vide\u00ed venovan\u00fdch amat\u00e9rskym cyklistom. Okrem tvorby obsahu tieto vide\u00e1 aj s\u00e1m moderujem. Vide\u00e1 su&nbsp;<a class=\"read-more\" href=\"https:\/\/www.kimlo.sk\/?page_id=38\">&hellip;<\/a><\/p>\n","protected":false},"author":1,"featured_media":0,"parent":0,"menu_order":0,"comment_status":"closed","ping_status":"closed","template":"","meta":{"_monsterinsights_skip_tracking":false,"_monsterinsights_sitenote_active":false,"_monsterinsights_sitenote_note":"","_monsterinsights_sitenote_category":0},"yoast_head":"<!-- This site is optimized with the Yoast SEO plugin v15.2.1 - https:\/\/yoast.com\/wordpress\/plugins\/seo\/ -->\n<title>Extern\u00e1 spolupr\u00e1ca &ndash; KIMLO<\/title>\n<meta name=\"robots\" content=\"index, follow, max-snippet:-1, max-image-preview:large, max-video-preview:-1\" \/>\n<link rel=\"canonical\" href=\"https:\/\/www.kimlo.sk\/?page_id=38\" \/>\n<meta property=\"og:locale\" content=\"sk_SK\" \/>\n<meta property=\"og:type\" content=\"article\" \/>\n<meta property=\"og:title\" content=\"Extern\u00e1 spolupr\u00e1ca &ndash; KIMLO\" \/>\n<meta property=\"og:description\" content=\"Mtbiker.sk: Od roku 2017 pracujem ako extern\u00fd redaktor pre port\u00e1l mtbiker.sk, kde je mojou \u00falohou p\u00edsa\u0165 reporty z pretekov a testova\u0165 produkty ur\u010den\u00e9 pre cyklistov. Z\u00e1rove\u0148 sa podie\u013eam na tvorbe YouTube vide\u00ed venovan\u00fdch amat\u00e9rskym cyklistom. Okrem tvorby obsahu tieto vide\u00e1 aj s\u00e1m moderujem. Vide\u00e1 su&nbsp;&hellip;\" \/>\n<meta property=\"og:url\" content=\"https:\/\/www.kimlo.sk\/?page_id=38\" \/>\n<meta property=\"og:site_name\" content=\"KIMLO\" \/>\n<meta property=\"article:modified_time\" content=\"2022-04-08T16:06:33+00:00\" \/>\n<meta name=\"twitter:card\" content=\"summary_large_image\" \/>\n<meta name=\"twitter:label1\" content=\"Autor:\">\n\t<meta name=\"twitter:data1\" content=\"Kimlo\">\n\t<meta name=\"twitter:label2\" content=\"Est. reading time\">\n\t<meta name=\"twitter:data2\" content=\"0 min\u00fat\">\n<script type=\"application\/ld+json\" class=\"yoast-schema-graph\">{\"@context\":\"https:\/\/schema.org\",\"@graph\":[{\"@type\":[\"Person\",\"Organization\"],\"@id\":\"https:\/\/www.kimlo.sk\/#\/schema\/person\/130a0b658e874b776c6a96b52913fe76\",\"name\":\"Kimlo\",\"image\":{\"@type\":\"ImageObject\",\"@id\":\"https:\/\/www.kimlo.sk\/#personlogo\",\"inLanguage\":\"sk-SK\",\"url\":\"https:\/\/secure.gravatar.com\/avatar\/bc2edf2a75f413c37695d7985d56ff3e?s=96&d=mm&r=g\",\"caption\":\"Kimlo\"},\"logo\":{\"@id\":\"https:\/\/www.kimlo.sk\/#personlogo\"},\"sameAs\":[\"https:\/\/www.kimlo.sk\"]},{\"@type\":\"WebSite\",\"@id\":\"https:\/\/www.kimlo.sk\/#website\",\"url\":\"https:\/\/www.kimlo.sk\/\",\"name\":\"Michal Kimli\\u010dka - KIMLO\",\"description\":\"by Michal Kimli\\u010dka\",\"publisher\":{\"@id\":\"https:\/\/www.kimlo.sk\/#\/schema\/person\/130a0b658e874b776c6a96b52913fe76\"},\"potentialAction\":[{\"@type\":\"SearchAction\",\"target\":\"https:\/\/www.kimlo.sk\/?s={search_term_string}\",\"query-input\":\"required name=search_term_string\"}],\"inLanguage\":\"sk-SK\"},{\"@type\":\"WebPage\",\"@id\":\"https:\/\/www.kimlo.sk\/?page_id=38#webpage\",\"url\":\"https:\/\/www.kimlo.sk\/?page_id=38\",\"name\":\"Extern\\u00e1 spolupr\\u00e1ca &ndash; KIMLO\",\"isPartOf\":{\"@id\":\"https:\/\/www.kimlo.sk\/#website\"},\"datePublished\":\"2020-09-09T09:20:16+00:00\",\"dateModified\":\"2022-04-08T16:06:33+00:00\",\"inLanguage\":\"sk-SK\",\"potentialAction\":[{\"@type\":\"ReadAction\",\"target\":[\"https:\/\/www.kimlo.sk\/?page_id=38\"]}]}]}<\/script>\n<!-- \/ Yoast SEO plugin. -->","_links":{"self":[{"href":"https:\/\/www.kimlo.sk\/index.php?rest_route=\/wp\/v2\/pages\/38"}],"collection":[{"href":"https:\/\/www.kimlo.sk\/index.php?rest_route=\/wp\/v2\/pages"}],"about":[{"href":"https:\/\/www.kimlo.sk\/index.php?rest_route=\/wp\/v2\/types\/page"}],"author":[{"embeddable":true,"href":"https:\/\/www.kimlo.sk\/index.php?rest_route=\/wp\/v2\/users\/1"}],"replies":[{"embeddable":true,"href":"https:\/\/www.kimlo.sk\/index.php?rest_route=%2Fwp%2Fv2%2Fcomments&post=38"}],"version-history":[{"count":6,"href":"https:\/\/www.kimlo.sk\/index.php?rest_route=\/wp\/v2\/pages\/38\/revisions"}],"predecessor-version":[{"id":333,"href":"https:\/\/www.kimlo.sk\/index.php?rest_route=\/wp\/v2\/pages\/38\/revisions\/333"}],"wp:attachment":[{"href":"https:\/\/www.kimlo.sk\/index.php?rest_route=%2Fwp%2Fv2%2Fmedia&parent=38"}],"curies":[{"name":"wp","href":"https:\/\/api.w.org\/{rel}","templated":true}]}}